{"id":19663,"date":"2022-10-28T19:11:28","date_gmt":"2022-10-28T13:41:28","guid":{"rendered":"http:\/\/dufrat.pl\/?page_id=19663"},"modified":"2024-10-17T22:05:40","modified_gmt":"2024-10-17T20:05:40","slug":"aktualnosci","status":"publish","type":"page","link":"https:\/\/dufrat.pl\/en\/aktualnosci\/","title":{"rendered":"NEWS"},"content":{"rendered":"<div data-elementor-type=\"wp-page\" data-elementor-id=\"19663\" class=\"elementor elementor-19663\" data-elementor-post-type=\"page\">\n\t\t\t\t\t\t<section class=\"elementor-section elementor-top-section elementor-element elementor-element-159b735 elementor-section-full_width elementor-section-stretched elementor-section-height-default elementor-section-height-default\" data-id=\"159b735\" data-element_type=\"section\" data-settings=\"{&quot;background_background&quot;:&quot;classic&quot;,&quot;stretch_section&quot;:&quot;section-stretched&quot;,&quot;wdt_bg_image&quot;:{&quot;url&quot;:&quot;&quot;,&quot;id&quot;:&quot;&quot;,&quot;size&quot;:&quot;&quot;},&quot;wdt_bg_image_widescreen&quot;:{&quot;url&quot;:&quot;&quot;,&quot;id&quot;:&quot;&quot;,&quot;size&quot;:&quot;&quot;},&quot;wdt_bg_image_laptop&quot;:{&quot;url&quot;:&quot;&quot;,&quot;id&quot;:&quot;&quot;,&quot;size&quot;:&quot;&quot;},&quot;wdt_bg_image_tablet_extra&quot;:{&quot;url&quot;:&quot;&quot;,&quot;id&quot;:&quot;&quot;,&quot;size&quot;:&quot;&quot;},&quot;wdt_bg_image_tablet&quot;:{&quot;url&quot;:&quot;&quot;,&quot;id&quot;:&quot;&quot;,&quot;size&quot;:&quot;&quot;},&quot;wdt_bg_image_mobile_extra&quot;:{&quot;url&quot;:&quot;&quot;,&quot;id&quot;:&quot;&quot;,&quot;size&quot;:&quot;&quot;},&quot;wdt_bg_image_mobile&quot;:{&quot;url&quot;:&quot;&quot;,&quot;id&quot;:&quot;&quot;,&quot;size&quot;:&quot;&quot;},&quot;wdt_bg_position&quot;:&quot;center center&quot;,&quot;wdt_animation_effect&quot;:&quot;none&quot;}\">\n\t\t\t\t\t\t\t<div class=\"elementor-background-overlay\"><\/div>\n\t\t\t\t\t\t\t<div class=\"elementor-container elementor-column-gap-default\">\n\t\t\t\t\t<div class=\"elementor-column elementor-col-100 elementor-top-column elementor-element elementor-element-e687a05\" data-id=\"e687a05\" data-element_type=\"column\">\n\t\t\t<div class=\"elementor-widget-wrap elementor-element-populated\">\n\t\t\t\t\t\t<div class=\"elementor-element elementor-element-43e0056 elementor-widget elementor-widget-heading\" data-id=\"43e0056\" data-element_type=\"widget\" data-settings=\"{&quot;wdt_animation_effect&quot;:&quot;none&quot;}\" data-widget_type=\"heading.default\">\n\t\t\t\t<div class=\"elementor-widget-container\">\n\t\t\t\t\t<h2 class=\"elementor-heading-title elementor-size-default\">NEWS<\/h2>\t\t\t\t<\/div>\n\t\t\t\t<\/div>\n\t\t\t\t\t<\/div>\n\t\t<\/div>\n\t\t\t\t\t<\/div>\n\t\t<\/section>\n\t\t\t\t<section class=\"elementor-section elementor-top-section elementor-element elementor-element-6fe37db elementor-section-boxed elementor-section-height-default elementor-section-height-default\" data-id=\"6fe37db\" data-element_type=\"section\" data-settings=\"{&quot;wdt_bg_image&quot;:{&quot;url&quot;:&quot;&quot;,&quot;id&quot;:&quot;&quot;,&quot;size&quot;:&quot;&quot;},&quot;wdt_bg_image_widescreen&quot;:{&quot;url&quot;:&quot;&quot;,&quot;id&quot;:&quot;&quot;,&quot;size&quot;:&quot;&quot;},&quot;wdt_bg_image_laptop&quot;:{&quot;url&quot;:&quot;&quot;,&quot;id&quot;:&quot;&quot;,&quot;size&quot;:&quot;&quot;},&quot;wdt_bg_image_tablet_extra&quot;:{&quot;url&quot;:&quot;&quot;,&quot;id&quot;:&quot;&quot;,&quot;size&quot;:&quot;&quot;},&quot;wdt_bg_image_tablet&quot;:{&quot;url&quot;:&quot;&quot;,&quot;id&quot;:&quot;&quot;,&quot;size&quot;:&quot;&quot;},&quot;wdt_bg_image_mobile_extra&quot;:{&quot;url&quot;:&quot;&quot;,&quot;id&quot;:&quot;&quot;,&quot;size&quot;:&quot;&quot;},&quot;wdt_bg_image_mobile&quot;:{&quot;url&quot;:&quot;&quot;,&quot;id&quot;:&quot;&quot;,&quot;size&quot;:&quot;&quot;},&quot;wdt_bg_position&quot;:&quot;center center&quot;,&quot;wdt_animation_effect&quot;:&quot;none&quot;}\">\n\t\t\t\t\t\t<div class=\"elementor-container elementor-column-gap-no\">\n\t\t\t\t\t<div class=\"elementor-column elementor-col-100 elementor-top-column elementor-element elementor-element-6063689\" data-id=\"6063689\" data-element_type=\"column\">\n\t\t\t<div class=\"elementor-widget-wrap elementor-element-populated\">\n\t\t\t\t\t\t<div class=\"elementor-element elementor-element-d3eb9e6 elementor-widget elementor-widget-wdt-blog-posts\" data-id=\"d3eb9e6\" data-element_type=\"widget\" data-settings=\"{&quot;wdt_animation_effect&quot;:&quot;none&quot;}\" data-widget_type=\"wdt-blog-posts.default\">\n\t\t\t\t<div class=\"elementor-widget-container\">\n\t\t\t\t\t<div class=\"wdt-posts-list-wrapper\" ><div class='tpl-blog-holder  apply-isotope apply-isotope'><div class='grid-sizer  entry-list-layout wdt-simple-style entry-left-thumb wdt-default-hover wdt-default-overlay column wdt-one-column wdt-post-entry'><\/div><div class=\"entry-list-layout wdt-simple-style entry-left-thumb wdt-default-hover wdt-default-overlay column wdt-one-column wdt-post-entry\"><article id=\"post-22316\" class=\"post-22316 post type-post status-publish format-standard has-post-thumbnail hentry category-product-shoots blog-entry\">\r\n\r\n\r\n\t<!-- Featured Image -->\r\n\t<div class=\"entry-thumb\">\r\n\t\t\r\n<div class=\"blog-image\"><a style=\"background-image:url(https:\/\/dufrat.pl\/wp-content\/uploads\/2023\/02\/cropped-playing-cards-with-aces-2023-11-27-05-07-10-utc-scaled-1.jpg)\" href=\"https:\/\/dufrat.pl\/en\/taking-beautiful-landscape-photos-how-to-do-it\/\" title=\"Permalink to Jak gra\u0107 w bryd\u017ca?\"><\/a><\/div>\r\n        <\/div><!-- Featured Image -->\r\n<!-- Entry Title -->\r\n<div class=\"entry-title\">\r\n\t<h4>    \t<a href=\"https:\/\/dufrat.pl\/en\/taking-beautiful-landscape-photos-how-to-do-it\/\" title=\"Permalink to Jak gra\u0107 w bryd\u017ca?\">Jak gra\u0107 w bryd\u017ca?<\/a>\r\n\t<\/h4>\r\n<\/div><!-- Entry Title -->\r\n<!-- Entry Button --><div class=\"entry-button wdt-core-button\"><a href=\"https:\/\/dufrat.pl\/en\/taking-beautiful-landscape-photos-how-to-do-it\/\" title=\"Jak gra\u0107 w bryd\u017ca?\" class=\"wdt-button\">Zobacz wi\u0119cej<span><svg xmlns=\"http:\/\/www.w3.org\/2000\/svg\" xmlns:xlink=\"http:\/\/www.w3.org\/1999\/xlink\" x=\"0px\" y=\"0px\" viewbox=\"0 0 100 59\" style=\"enable-background:new 0 0 100 59;\" xml:space=\"preserve\"><polygon points=\"59.9,6.1 79.4,25.7 6,25.7 6,33.3 79.4,33.3 59.9,52.9 65.3,58.2 94,29.5 65.3,0.8 \"><\/polygon><\/svg><\/span><\/a><\/div><!-- Entry Button --><\/article><\/div><div class=\"entry-list-layout wdt-simple-style entry-left-thumb wdt-default-hover wdt-default-overlay column wdt-one-column wdt-post-entry\"><article id=\"post-22320\" class=\"post-22320 post type-post status-publish format-standard has-post-thumbnail hentry category-business-photography blog-entry\">\r\n\r\n\r\n\t<!-- Featured Image -->\r\n\t<div class=\"entry-thumb\">\r\n\t\t\r\n<div class=\"blog-image\"><a style=\"background-image:url(https:\/\/dufrat.pl\/wp-content\/uploads\/2023\/02\/selective-focus-of-playing-cards-in-deck-on-green-2023-11-27-05-29-06-utc.jpg)\" href=\"https:\/\/dufrat.pl\/en\/the-benefit-of-using-a-professional-photographic-studio\/\" title=\"Permalink to Od czego zacz\u0105\u0107?\"><\/a><\/div>\r\n        <\/div><!-- Featured Image -->\r\n<!-- Entry Title -->\r\n<div class=\"entry-title\">\r\n\t<h4>    \t<a href=\"https:\/\/dufrat.pl\/en\/the-benefit-of-using-a-professional-photographic-studio\/\" title=\"Permalink to Od czego zacz\u0105\u0107?\">Od czego zacz\u0105\u0107?<\/a>\r\n\t<\/h4>\r\n<\/div><!-- Entry Title -->\r\n<!-- Entry Button --><div class=\"entry-button wdt-core-button\"><a href=\"https:\/\/dufrat.pl\/en\/the-benefit-of-using-a-professional-photographic-studio\/\" title=\"Od czego zacz\u0105\u0107?\" class=\"wdt-button\">Zobacz wi\u0119cej<span><svg xmlns=\"http:\/\/www.w3.org\/2000\/svg\" xmlns:xlink=\"http:\/\/www.w3.org\/1999\/xlink\" x=\"0px\" y=\"0px\" viewbox=\"0 0 100 59\" style=\"enable-background:new 0 0 100 59;\" xml:space=\"preserve\"><polygon points=\"59.9,6.1 79.4,25.7 6,25.7 6,33.3 79.4,33.3 59.9,52.9 65.3,58.2 94,29.5 65.3,0.8 \"><\/polygon><\/svg><\/span><\/a><\/div><!-- Entry Button --><\/article><\/div><\/div><div class=\"pagination blog-pagination\"><\/div><\/div>\t\t\t\t<\/div>\n\t\t\t\t<\/div>\n\t\t\t\t\t<\/div>\n\t\t<\/div>\n\t\t\t\t\t<\/div>\n\t\t<\/section>\n\t\t\t\t<\/div>","protected":false},"excerpt":{"rendered":"<p>AKTUALNO\u015aCI Jak gra\u0107 w bryd\u017ca? Zobacz wi\u0119cej Od czego zacz\u0105\u0107? Zobacz wi\u0119cej<\/p>","protected":false},"author":1,"featured_media":0,"parent":0,"menu_order":0,"comment_status":"closed","ping_status":"closed","template":"elementor_header_footer","meta":{"footnotes":""},"class_list":["post-19663","page","type-page","status-publish","hentry","blog-entry","format-standard"],"_links":{"self":[{"href":"https:\/\/dufrat.pl\/en\/wp-json\/wp\/v2\/pages\/19663","targetHints":{"allow":["GET"]}}],"collection":[{"href":"https:\/\/dufrat.pl\/en\/wp-json\/wp\/v2\/pages"}],"about":[{"href":"https:\/\/dufrat.pl\/en\/wp-json\/wp\/v2\/types\/page"}],"author":[{"embeddable":true,"href":"https:\/\/dufrat.pl\/en\/wp-json\/wp\/v2\/users\/1"}],"replies":[{"embeddable":true,"href":"https:\/\/dufrat.pl\/en\/wp-json\/wp\/v2\/comments?post=19663"}],"version-history":[{"count":11,"href":"https:\/\/dufrat.pl\/en\/wp-json\/wp\/v2\/pages\/19663\/revisions"}],"predecessor-version":[{"id":23244,"href":"https:\/\/dufrat.pl\/en\/wp-json\/wp\/v2\/pages\/19663\/revisions\/23244"}],"wp:attachment":[{"href":"https:\/\/dufrat.pl\/en\/wp-json\/wp\/v2\/media?parent=19663"}],"curies":[{"name":"wp","href":"https:\/\/api.w.org\/{rel}","templated":true}]}}